{"id":2088,"date":"2020-12-23T20:36:17","date_gmt":"2020-12-23T20:36:17","guid":{"rendered":"https:\/\/2.zoppoz.workers.dev:443\/https\/staging-cnnbrasil.go-vip.net\/?page_id=2088"},"modified":"2025-11-25T16:08:25","modified_gmt":"2025-11-25T16:08:25","slug":"fale-com-a-cnn","status":"publish","type":"page","link":"https:\/\/2.zoppoz.workers.dev:443\/https\/conteudos.cnnbrasil.com.br\/fale-com-a-cnn\/","title":{"rendered":"Fale com a CNN Brasil"},"content":{"rendered":"\n<p>Entre em contato e nos ajude a produzir jornalismo de qualidade, isento e independente.<\/p><div id=\"mid2\" class=\"custom__ad__element\"><\/div>\n\n\n\n<p><\/p>\n\n\n\n<h2 class=\"wp-block-heading\">Erros e Sugest\u00f5es<\/h2>\n\n\n\n<p>Para reportar erros no portal CNN Brasil, entre em contato com a reda\u00e7\u00e3o pelo e-mail&nbsp;<a href=\"mailto:erro@cnnbrasil.com.br\">erro@cnnbrasil.com.br<\/a>.<br>Para sugest\u00f5es ou d\u00favidas entre em contato pelo e-mail&nbsp;<a href=\"mailto:sugestoes@cnnbrasil.com.br\">sugestoes@cnnbrasil.com.br<\/a>.<\/p>\n\n\n\n<h2 class=\"wp-block-heading\">An\u00fancios e Parcerias<\/h2>\n\n\n\n<p>Para anunciar ou estabelecer parcerias comerciais com a CNN Brasil, entre em contato pelo e-mail&nbsp;<a href=\"mailto:comercial@cnnbrasil.com.br\">comercial@cnnbrasil.com.br<\/a>.<\/p>\n\n\n\n<h2 class=\"wp-block-heading\">Distribui\u00e7\u00e3o<\/h2>\n\n\n\n<p>Para servi\u00e7os de distribui\u00e7\u00e3o (como inclus\u00e3o da CNN Brasil em pacotes de TV por assinatura, servi\u00e7os de OTT e streaming), entre em contato pelo e-mail&nbsp;<a href=\"mailto:distribution@cnnbrasil.com.br\">distribution@cnnbrasil.com.br<\/a>.<\/p><div id=\"mid3\" class=\"custom__ad__element\"><\/div>\n\n\n\n<h2 class=\"wp-block-heading\">Assessoria de Imprensa da CNN Brasil<\/h2>\n\n\n\n<p>Para entrar em contato com a assessoria de imprensa da CNN Brasil, envie um e-mail para\u00a0<a href=\"mailto:imprensacnn@loures.com.br\">imprensacnn@loures.com.br<\/a>.<\/p>\n\n\n\n<h2 class=\"wp-block-heading\">Privacidade e Prote\u00e7\u00e3o de Dados Pessoais<\/h2>\n\n\n\n<p>Para que <strong>Voc\u00ea<\/strong> possa exercer seus direitos, seja em caso de solicita\u00e7\u00e3o ou d\u00favida sobre esta Pol\u00edtica e\/ou sobre o tratamento de seus dados pessoais realizado pela CNN Brasil, basta entrar em contato com nosso <strong>Encarregado de Prote\u00e7\u00e3o de Dados Pessoais<\/strong>, Luiz Philippe Moura, nos enviando sua solicita\u00e7\u00e3o: <a rel=\"noreferrer noopener\" href=\"https:\/\/2.zoppoz.workers.dev:443\/https\/privacyportal-br.onetrust.com\/webform\/6a07d437-0c91-4cc2-8313-24d701774218\/155a9050-49d4-4e4c-8785-8e6767b48496\" data-type=\"URL\" data-id=\"https:\/\/2.zoppoz.workers.dev:443\/https\/privacyportal-br.onetrust.com\/webform\/6a07d437-0c91-4cc2-8313-24d701774218\/155a9050-49d4-4e4c-8785-8e6767b48496\" target=\"_blank\">Formul\u00e1rio de Solicita\u00e7\u00e3o do Titular de Dados<\/a>.<\/p>\n\n\n\n<p><br><small>Aviso legal:<\/small><\/p>\n\n\n\n<p><small>&#8211; A CNN Brasil n\u00e3o comercializa, cede ou troca dados de pessoas que entrarem em contato conosco pelos canais de atendimento e relacionamento.<\/small><br><small>&#8211; Ofensas e amea\u00e7as a profissionais da CNN Brasil pelos canais aqui disponibilizados podem levar ao acionamento do departamento jur\u00eddico da companhia para a tomada de medidas cab\u00edveis.<\/small><br><small>&#8211; Todos os contatos realizados pelos canais de relacionamento da CNN Brasil ser\u00e3o registrados e podem ser encaminhados a setores de interesse dentro da empresa. A CNN Brasil entrar\u00e1 em contato por e-mail e telefone, caso necess\u00e1rio.<\/small><br><small>&#8211; N\u00e3o ser\u00e3o realizados pagamentos ou qualquer forma de compensa\u00e7\u00e3o para colabora\u00e7\u00f5es de terceiros. A CNN Brasil se reserva a todos os direitos de utilizar qualquer informa\u00e7\u00e3o aqui compartilhada para produzir conte\u00fado, sem obriga\u00e7\u00f5es legais com os colaboradores que voluntariamente enviarem materiais por canais de relacionamento.<\/small><br><small>&#8211; Informa\u00e7\u00f5es e conte\u00fados compartilhados por canais de relacionamento podem ser utilizados e reproduzidos por qualquer companhia do grupo da CNN Brasil, inclusive subsidi\u00e1rias internacionais.<\/small><\/p>\n\n\n\n<div class=\"wp-block-columns is-layout-flex wp-container-core-columns-is-layout-9d6595d7 wp-block-columns-is-layout-flex\">\n<div class=\"wp-block-column is-layout-flow wp-block-column-is-layout-flow\">\n<hr class=\"wp-block-separator has-css-opacity\"\/>\n\n\n\n<p><\/p>\n<\/div>\n<\/div>\n\n\n\n<div class=\"wp-block-columns is-layout-flex wp-container-core-columns-is-layout-9d6595d7 wp-block-columns-is-layout-flex\">\n<div class=\"wp-block-column is-layout-flow wp-block-column-is-layout-flow\">\n<hr class=\"wp-block-separator has-css-opacity\"\/>\n\n\n\n<p><\/p>\n<\/div>\n<\/div>\n\n\n\n<p><\/p>\n","protected":false},"excerpt":{"rendered":"","protected":false},"author":11,"featured_media":0,"parent":0,"menu_order":0,"comment_status":"closed","ping_status":"closed","template":"template-content.php","meta":{"advanced_seo_description":"","jetpack_seo_html_title":"","jetpack_seo_noindex":false,"footnotes":""},"class_list":["post-2088","page","type-page","status-publish","hentry"],"jetpack_sharing_enabled":true,"_links":{"self":[{"href":"https:\/\/2.zoppoz.workers.dev:443\/https\/conteudos.cnnbrasil.com.br\/wp-json\/wp\/v2\/pages\/2088","targetHints":{"allow":["GET"]}}],"collection":[{"href":"https:\/\/2.zoppoz.workers.dev:443\/https\/conteudos.cnnbrasil.com.br\/wp-json\/wp\/v2\/pages"}],"about":[{"href":"https:\/\/2.zoppoz.workers.dev:443\/https\/conteudos.cnnbrasil.com.br\/wp-json\/wp\/v2\/types\/page"}],"author":[{"embeddable":true,"href":"https:\/\/2.zoppoz.workers.dev:443\/https\/conteudos.cnnbrasil.com.br\/wp-json\/wp\/v2\/users\/11"}],"replies":[{"embeddable":true,"href":"https:\/\/2.zoppoz.workers.dev:443\/https\/conteudos.cnnbrasil.com.br\/wp-json\/wp\/v2\/comments?post=2088"}],"version-history":[{"count":9,"href":"https:\/\/2.zoppoz.workers.dev:443\/https\/conteudos.cnnbrasil.com.br\/wp-json\/wp\/v2\/pages\/2088\/revisions"}],"predecessor-version":[{"id":7980,"href":"https:\/\/2.zoppoz.workers.dev:443\/https\/conteudos.cnnbrasil.com.br\/wp-json\/wp\/v2\/pages\/2088\/revisions\/7980"}],"wp:attachment":[{"href":"https:\/\/2.zoppoz.workers.dev:443\/https\/conteudos.cnnbrasil.com.br\/wp-json\/wp\/v2\/media?parent=2088"}],"curies":[{"name":"wp","href":"https:\/\/2.zoppoz.workers.dev:443\/https\/api.w.org\/{rel}","templated":true}]}}